{"id":3,"date":"2025-07-08T20:48:49","date_gmt":"2025-07-08T20:48:49","guid":{"rendered":"http:\/\/mk-multiservices.fr\/?page_id=3"},"modified":"2025-11-11T15:05:43","modified_gmt":"2025-11-11T14:05:43","slug":"privacy-policy","status":"publish","type":"page","link":"https:\/\/mk-multiservices.fr\/index.php\/privacy-policy\/","title":{"rendered":"Mentions L\u00e9gales"},"content":{"rendered":"\n<h2 class=\"wp-block-heading\">\u00c9DITEUR DU SITE<\/h2>\n\n\n\n<p><strong>Raison sociale :<\/strong> MK Multiservices<br><strong>Forme juridique :<\/strong> Entreprise Individuelle<br><strong>SIRET :<\/strong> 95391800000019<br><strong>Adresse :<\/strong> Chemin du Puits Troquet 69330 Pusignan <br><strong>T\u00e9l\u00e9phone :<\/strong> 06 47 03 85 76<br><strong>Adresse email :<\/strong> <a>contact@mk-multiservices.fr<\/a><br><strong>Responsable de la publication :<\/strong> M. Macari<br><strong>Statut du responsable :<\/strong> G\u00e9rant de MK Multiservices<\/p>\n\n\n\n<div class=\"wp-block-uagb-separator uagb-block-391d3fc1\"><div class=\"wp-block-uagb-separator__inner\" style=\"--my-background-image:\"><\/div><\/div>\n\n\n\n<p>En effet, conform\u00e9ment aux dispositions des articles 6-III et 19 de la loi n\u00b02004-575 du 21 juin 2004 pour la confiance dans l\u2019\u00e9conomie num\u00e9rique (LCEN), nous portons \u00e0 la connaissance des utilisateurs et visiteurs du site <strong><a class=\"\" href=\"https:\/\/mk-multiservices.fr\">https:\/\/mk-multiservices.fr<\/a><\/strong> les informations suivantes :<\/p>\n\n\n\n<h2 class=\"wp-block-heading\">H\u00c9BERGEMENT<\/h2>\n\n\n\n<p>Le site est h\u00e9berg\u00e9 par :<br><strong>OVH SAS<\/strong><br>2 rue Kellermann \u2013 59100 Roubaix \u2013 France<br>Site web : <a class=\"\" href=\"https:\/\/www.ovhcloud.com\">https:\/\/www.ovhcloud.com<\/a><br>T\u00e9l\u00e9phone : 1007 (appel gratuit depuis une ligne fixe en France)<\/p>\n\n\n\n<h2 class=\"wp-block-heading\">PROPRI\u00c9T\u00c9 INTELLECTUELLE<\/h2>\n\n\n\n<p>Le site ainsi que tous les \u00e9l\u00e9ments qui le composent (textes, images, graphismes, logo, ic\u00f4nes\u2026) sont la propri\u00e9t\u00e9 exclusive de MK Multiservices, sauf mentions contraires.<br>De m\u00eame toute reproduction, repr\u00e9sentation, modification, publication ou adaptation, partielle ou totale, est interdite sans l\u2019accord \u00e9crit pr\u00e9alable du propri\u00e9taire.<\/p>\n\n\n\n<h2 class=\"wp-block-heading\">DONN\u00c9ES PERSONNELLES<\/h2>\n\n\n\n<p>Ainsi, les donn\u00e9es personnelles collect\u00e9es via le formulaire de contact sont uniquement destin\u00e9es \u00e0 r\u00e9pondre aux demandes des visiteurs.<\/p>\n\n\n\n<p>C&rsquo;est-\u00e0-dire que ces informations ne sont ni revendues ni utilis\u00e9es \u00e0 des fins commerciales.<br>Conform\u00e9ment \u00e0 la loi \u00ab\u00a0Informatique et Libert\u00e9s\u00a0\u00bb et au RGPD, vous disposez d\u2019un droit d\u2019acc\u00e8s, de rectification et de suppression de vos donn\u00e9es. <\/p>\n\n\n\n<p>En cas de demande, vous pouvez \u00e9crire \u00e0 : <a href=\"https:\/\/mk-multiservices.fr\/index.php\/contact\/\">contact@mk-multiservices.fr<\/a><\/p>\n\n\n\n<h2 class=\"wp-block-heading\">COOKIES<\/h2>\n\n\n\n<p>D&rsquo;ailleurs ce site peut utiliser des cookies \u00e0 des fins de statistiques anonymes ou de bon fonctionnement. Par exemple vous pouvez configurer votre navigateur pour refuser les cookies si vous le souhaitez.<\/p>\n\n\n\n<h2 class=\"wp-block-heading\">POLITIQUE DE CONFIDENTIALITES<\/h2>\n\n\n\n<p>1. <strong>Collecte des donn\u00e9es personnelles<\/strong><\/p>\n\n\n\n<p>Lorsque vous utilisez le site <strong>mk-multiservices.fr<\/strong>, nous pouvons \u00eatre amen\u00e9s \u00e0 collecter certaines donn\u00e9es personnelles via le formulaire de contact :<\/p>\n\n\n\n<ul class=\"wp-block-list\">\n<li>Nom et pr\u00e9nom<\/li>\n\n\n\n<li>Adresse e-mail<\/li>\n\n\n\n<li>Num\u00e9ro de t\u00e9l\u00e9phone<\/li>\n\n\n\n<li>Message libre<\/li>\n<\/ul>\n\n\n\n<p>Dans ce cas les donn\u00e9es sont collect\u00e9es uniquement pour r\u00e9pondre \u00e0 vos demandes ou \u00e9tablir un devis.<\/p>\n\n\n\n<hr class=\"wp-block-separator has-alpha-channel-opacity\"\/>\n\n\n\n<h3 class=\"wp-block-heading\">2. <strong>Utilisation des donn\u00e9es<\/strong><\/h3>\n\n\n\n<p>En effet les informations recueillies sont utilis\u00e9es uniquement par <strong>MK Multiservices<\/strong> et ne sont en aucun cas transmises \u00e0 des tiers \u00e0 des fins commerciales.<br>Elles servent uniquement \u00e0 :<\/p>\n\n\n\n<ul class=\"wp-block-list\">\n<li>Vous contacter \u00e0 la suite d\u2019une demande<\/li>\n\n\n\n<li>\u00c9tablir un devis ou une relation commerciale<\/li>\n<\/ul>\n\n\n\n<hr class=\"wp-block-separator has-alpha-channel-opacity\"\/>\n\n\n\n<h3 class=\"wp-block-heading\">3. <strong>Dur\u00e9e de conservation<\/strong><\/h3>\n\n\n\n<p>Les donn\u00e9es personnelles sont conserv\u00e9es pendant une dur\u00e9e maximale de <strong>12 mois<\/strong> \u00e0 compter du dernier contact, sauf si une relation commerciale est engag\u00e9e.<\/p>\n\n\n\n<hr class=\"wp-block-separator has-alpha-channel-opacity\"\/>\n\n\n\n<h3 class=\"wp-block-heading\">4. <strong>Droit d&rsquo;acc\u00e8s et de suppression<\/strong><\/h3>\n\n\n\n<p>Donc conform\u00e9ment au <strong>R\u00e8glement G\u00e9n\u00e9ral sur la Protection des Donn\u00e9es (RGPD)<\/strong>, vous disposez des droits suivants :<\/p>\n\n\n\n<ul class=\"wp-block-list\">\n<li>Droit d&rsquo;acc\u00e8s \u00e0 vos donn\u00e9es<\/li>\n\n\n\n<li>Droit de rectification<\/li>\n\n\n\n<li>Droit de suppression<\/li>\n\n\n\n<li>Droit d\u2019opposition au traitement<\/li>\n<\/ul>\n\n\n\n<p>Par cons\u00e9quent, afin d&rsquo;exercer ces droits, contactez-nous par e-mail : <strong><a href=\"https:\/\/mk-multiservices.fr\/index.php\/contact\/\">contact@mk-multiservices.fr<\/a><\/strong><\/p>\n\n\n\n<hr class=\"wp-block-separator has-alpha-channel-opacity\"\/>\n\n\n\n<h3 class=\"wp-block-heading\">5. <strong>S\u00e9curit\u00e9 des donn\u00e9es<\/strong><\/h3>\n\n\n\n<p>En outre, MK Multiservices met en \u0153uvre toutes les mesures techniques et organisationnelles appropri\u00e9es pour prot\u00e9ger vos donn\u00e9es personnelles contre la perte, la falsification ou l\u2019acc\u00e8s non autoris\u00e9.<\/p>\n\n\n\n<hr class=\"wp-block-separator has-alpha-channel-opacity\"\/>\n\n\n\n<h3 class=\"wp-block-heading\">6. <strong>Cookies<\/strong><\/h3>\n\n\n\n<p>Par ailleurs le site peut utiliser des cookies \u00e0 des fins de statistiques anonymes (via Google Analytics, par exemple) et de bon fonctionnement du formulaire.<\/p>\n\n\n\n<p><\/p>\n","protected":false},"excerpt":{"rendered":"<p>\u00c9DITEUR DU SITE Raison sociale : MK MultiservicesForme juridique : Entreprise IndividuelleSIRET : 95391800000019Adresse : Chemin du Puits Troquet 69330 [&hellip;]<\/p>\n","protected":false},"author":1,"featured_media":0,"parent":0,"menu_order":0,"comment_status":"closed","ping_status":"closed","template":"","meta":{"_uag_custom_page_level_css":"","site-sidebar-layout":"default","site-content-layout":"","ast-site-content-layout":"default","site-content-style":"default","site-sidebar-style":"default","ast-global-header-display":"","ast-banner-title-visibility":"","ast-main-header-display":"","ast-hfb-above-header-display":"","ast-hfb-below-header-display":"","ast-hfb-mobile-header-display":"","site-post-title":"","ast-breadcrumbs-content":"","ast-featured-img":"","footer-sml-layout":"","theme-transparent-header-meta":"","adv-header-id-meta":"","stick-header-meta":"","header-above-stick-meta":"","header-main-stick-meta":"","header-below-stick-meta":"","astra-migrate-meta-layouts":"default","ast-page-background-enabled":"default","ast-page-background-meta":{"desktop":{"background-color":"var(--ast-global-color-5)","background-image":"","background-repeat":"repeat","background-position":"center center","background-size":"auto","background-attachment":"scroll","background-type":"","background-media":"","overlay-type":"","overlay-color":"","overlay-opacity":"","overlay-gradient":""},"tablet":{"background-color":"","background-image":"","background-repeat":"repeat","background-position":"center center","background-size":"auto","background-attachment":"scroll","background-type":"","background-media":"","overlay-type":"","overlay-color":"","overlay-opacity":"","overlay-gradient":""},"mobile":{"background-color":"","background-image":"","background-repeat":"repeat","background-position":"center center","background-size":"auto","background-attachment":"scroll","background-type":"","background-media":"","overlay-type":"","overlay-color":"","overlay-opacity":"","overlay-gradient":""}},"ast-content-background-meta":{"desktop":{"background-color":"var(--ast-global-color-4)","background-image":"","background-repeat":"repeat","background-position":"center center","background-size":"auto","background-attachment":"scroll","background-type":"","background-media":"","overlay-type":"","overlay-color":"","overlay-opacity":"","overlay-gradient":""},"tablet":{"background-color":"var(--ast-global-color-4)","background-image":"","background-repeat":"repeat","background-position":"center center","background-size":"auto","background-attachment":"scroll","background-type":"","background-media":"","overlay-type":"","overlay-color":"","overlay-opacity":"","overlay-gradient":""},"mobile":{"background-color":"var(--ast-global-color-4)","background-image":"","background-repeat":"repeat","background-position":"center center","background-size":"auto","background-attachment":"scroll","background-type":"","background-media":"","overlay-type":"","overlay-color":"","overlay-opacity":"","overlay-gradient":""}},"footnotes":""},"class_list":["post-3","page","type-page","status-publish","hentry"],"yoast_head":"<!-- This site is optimized with the Yoast SEO plugin v26.3 - https:\/\/yoast.com\/wordpress\/plugins\/seo\/ -->\n<title>MK Multiservices - Mentions L\u00e9gales<\/title>\n<meta name=\"description\" content=\"Mentions l\u00e9gales du site MK Multiservices \u2013 artisan lyonnais sp\u00e9cialis\u00e9 en location de bennes, d\u00e9molition, d\u00e9barras et terrassement.\" \/>\n<meta name=\"robots\" content=\"index, follow, max-snippet:-1, max-image-preview:large, max-video-preview:-1\" \/>\n<link rel=\"canonical\" href=\"https:\/\/mk-multiservices.fr\/index.php\/privacy-policy\/\" \/>\n<meta property=\"og:locale\" content=\"fr_FR\" \/>\n<meta property=\"og:type\" content=\"article\" \/>\n<meta property=\"og:title\" content=\"MK Multiservices - Mentions L\u00e9gales\" \/>\n<meta property=\"og:description\" content=\"Mentions l\u00e9gales du site MK Multiservices \u2013 artisan lyonnais sp\u00e9cialis\u00e9 en location de bennes, d\u00e9molition, d\u00e9barras et terrassement.\" \/>\n<meta property=\"og:url\" content=\"https:\/\/mk-multiservices.fr\/index.php\/privacy-policy\/\" \/>\n<meta property=\"og:site_name\" content=\"MK Multiservices\" \/>\n<meta property=\"article:modified_time\" content=\"2025-11-11T14:05:43+00:00\" \/>\n<meta name=\"twitter:card\" content=\"summary_large_image\" \/>\n<meta name=\"twitter:label1\" content=\"Dur\u00e9e de lecture estim\u00e9e\" \/>\n\t<meta name=\"twitter:data1\" content=\"3 minutes\" \/>\n<script type=\"application\/ld+json\" class=\"yoast-schema-graph\">{\"@context\":\"https:\/\/schema.org\",\"@graph\":[{\"@type\":\"WebPage\",\"@id\":\"https:\/\/mk-multiservices.fr\/index.php\/privacy-policy\/\",\"url\":\"https:\/\/mk-multiservices.fr\/index.php\/privacy-policy\/\",\"name\":\"MK Multiservices - Mentions L\u00e9gales\",\"isPartOf\":{\"@id\":\"https:\/\/mk-multiservices.fr\/#website\"},\"datePublished\":\"2025-07-08T20:48:49+00:00\",\"dateModified\":\"2025-11-11T14:05:43+00:00\",\"description\":\"Mentions l\u00e9gales du site MK Multiservices \u2013 artisan lyonnais sp\u00e9cialis\u00e9 en location de bennes, d\u00e9molition, d\u00e9barras et terrassement.\",\"breadcrumb\":{\"@id\":\"https:\/\/mk-multiservices.fr\/index.php\/privacy-policy\/#breadcrumb\"},\"inLanguage\":\"fr-FR\",\"potentialAction\":[{\"@type\":\"ReadAction\",\"target\":[\"https:\/\/mk-multiservices.fr\/index.php\/privacy-policy\/\"]}]},{\"@type\":\"BreadcrumbList\",\"@id\":\"https:\/\/mk-multiservices.fr\/index.php\/privacy-policy\/#breadcrumb\",\"itemListElement\":[{\"@type\":\"ListItem\",\"position\":1,\"name\":\"Accueil\",\"item\":\"https:\/\/mk-multiservices.fr\/\"},{\"@type\":\"ListItem\",\"position\":2,\"name\":\"Mentions L\u00e9gales\"}]},{\"@type\":\"WebSite\",\"@id\":\"https:\/\/mk-multiservices.fr\/#website\",\"url\":\"https:\/\/mk-multiservices.fr\/\",\"name\":\"MK Multiservices\",\"description\":\"\",\"publisher\":{\"@id\":\"https:\/\/mk-multiservices.fr\/#organization\"},\"potentialAction\":[{\"@type\":\"SearchAction\",\"target\":{\"@type\":\"EntryPoint\",\"urlTemplate\":\"https:\/\/mk-multiservices.fr\/?s={search_term_string}\"},\"query-input\":{\"@type\":\"PropertyValueSpecification\",\"valueRequired\":true,\"valueName\":\"search_term_string\"}}],\"inLanguage\":\"fr-FR\"},{\"@type\":\"Organization\",\"@id\":\"https:\/\/mk-multiservices.fr\/#organization\",\"name\":\"MK Multiservices\",\"url\":\"https:\/\/mk-multiservices.fr\/\",\"logo\":{\"@type\":\"ImageObject\",\"inLanguage\":\"fr-FR\",\"@id\":\"https:\/\/mk-multiservices.fr\/#\/schema\/logo\/image\/\",\"url\":\"https:\/\/mk-multiservices.fr\/wp-content\/uploads\/2025\/07\/logo1.png\",\"contentUrl\":\"https:\/\/mk-multiservices.fr\/wp-content\/uploads\/2025\/07\/logo1.png\",\"width\":1024,\"height\":1024,\"caption\":\"MK Multiservices\"},\"image\":{\"@id\":\"https:\/\/mk-multiservices.fr\/#\/schema\/logo\/image\/\"}}]}<\/script>\n<!-- \/ Yoast SEO plugin. -->","yoast_head_json":{"title":"MK Multiservices - Mentions L\u00e9gales","description":"Mentions l\u00e9gales du site MK Multiservices \u2013 artisan lyonnais sp\u00e9cialis\u00e9 en location de bennes, d\u00e9molition, d\u00e9barras et terrassement.","robots":{"index":"index","follow":"follow","max-snippet":"max-snippet:-1","max-image-preview":"max-image-preview:large","max-video-preview":"max-video-preview:-1"},"canonical":"https:\/\/mk-multiservices.fr\/index.php\/privacy-policy\/","og_locale":"fr_FR","og_type":"article","og_title":"MK Multiservices - Mentions L\u00e9gales","og_description":"Mentions l\u00e9gales du site MK Multiservices \u2013 artisan lyonnais sp\u00e9cialis\u00e9 en location de bennes, d\u00e9molition, d\u00e9barras et terrassement.","og_url":"https:\/\/mk-multiservices.fr\/index.php\/privacy-policy\/","og_site_name":"MK Multiservices","article_modified_time":"2025-11-11T14:05:43+00:00","twitter_card":"summary_large_image","twitter_misc":{"Dur\u00e9e de lecture estim\u00e9e":"3 minutes"},"schema":{"@context":"https:\/\/schema.org","@graph":[{"@type":"WebPage","@id":"https:\/\/mk-multiservices.fr\/index.php\/privacy-policy\/","url":"https:\/\/mk-multiservices.fr\/index.php\/privacy-policy\/","name":"MK Multiservices - Mentions L\u00e9gales","isPartOf":{"@id":"https:\/\/mk-multiservices.fr\/#website"},"datePublished":"2025-07-08T20:48:49+00:00","dateModified":"2025-11-11T14:05:43+00:00","description":"Mentions l\u00e9gales du site MK Multiservices \u2013 artisan lyonnais sp\u00e9cialis\u00e9 en location de bennes, d\u00e9molition, d\u00e9barras et terrassement.","breadcrumb":{"@id":"https:\/\/mk-multiservices.fr\/index.php\/privacy-policy\/#breadcrumb"},"inLanguage":"fr-FR","potentialAction":[{"@type":"ReadAction","target":["https:\/\/mk-multiservices.fr\/index.php\/privacy-policy\/"]}]},{"@type":"BreadcrumbList","@id":"https:\/\/mk-multiservices.fr\/index.php\/privacy-policy\/#breadcrumb","itemListElement":[{"@type":"ListItem","position":1,"name":"Accueil","item":"https:\/\/mk-multiservices.fr\/"},{"@type":"ListItem","position":2,"name":"Mentions L\u00e9gales"}]},{"@type":"WebSite","@id":"https:\/\/mk-multiservices.fr\/#website","url":"https:\/\/mk-multiservices.fr\/","name":"MK Multiservices","description":"","publisher":{"@id":"https:\/\/mk-multiservices.fr\/#organization"},"potentialAction":[{"@type":"SearchAction","target":{"@type":"EntryPoint","urlTemplate":"https:\/\/mk-multiservices.fr\/?s={search_term_string}"},"query-input":{"@type":"PropertyValueSpecification","valueRequired":true,"valueName":"search_term_string"}}],"inLanguage":"fr-FR"},{"@type":"Organization","@id":"https:\/\/mk-multiservices.fr\/#organization","name":"MK Multiservices","url":"https:\/\/mk-multiservices.fr\/","logo":{"@type":"ImageObject","inLanguage":"fr-FR","@id":"https:\/\/mk-multiservices.fr\/#\/schema\/logo\/image\/","url":"https:\/\/mk-multiservices.fr\/wp-content\/uploads\/2025\/07\/logo1.png","contentUrl":"https:\/\/mk-multiservices.fr\/wp-content\/uploads\/2025\/07\/logo1.png","width":1024,"height":1024,"caption":"MK Multiservices"},"image":{"@id":"https:\/\/mk-multiservices.fr\/#\/schema\/logo\/image\/"}}]}},"uagb_featured_image_src":{"full":false,"thumbnail":false,"medium":false,"medium_large":false,"large":false,"1536x1536":false,"2048x2048":false},"uagb_author_info":{"display_name":"admin7224","author_link":"https:\/\/mk-multiservices.fr\/index.php\/author\/admin7224\/"},"uagb_comment_info":0,"uagb_excerpt":"\u00c9DITEUR DU SITE Raison sociale : MK MultiservicesForme juridique : Entreprise IndividuelleSIRET : 95391800000019Adresse : Chemin du Puits Troquet 69330 [&hellip;]","_links":{"self":[{"href":"https:\/\/mk-multiservices.fr\/index.php\/wp-json\/wp\/v2\/pages\/3","targetHints":{"allow":["GET"]}}],"collection":[{"href":"https:\/\/mk-multiservices.fr\/index.php\/wp-json\/wp\/v2\/pages"}],"about":[{"href":"https:\/\/mk-multiservices.fr\/index.php\/wp-json\/wp\/v2\/types\/page"}],"author":[{"embeddable":true,"href":"https:\/\/mk-multiservices.fr\/index.php\/wp-json\/wp\/v2\/users\/1"}],"replies":[{"embeddable":true,"href":"https:\/\/mk-multiservices.fr\/index.php\/wp-json\/wp\/v2\/comments?post=3"}],"version-history":[{"count":10,"href":"https:\/\/mk-multiservices.fr\/index.php\/wp-json\/wp\/v2\/pages\/3\/revisions"}],"predecessor-version":[{"id":307,"href":"https:\/\/mk-multiservices.fr\/index.php\/wp-json\/wp\/v2\/pages\/3\/revisions\/307"}],"wp:attachment":[{"href":"https:\/\/mk-multiservices.fr\/index.php\/wp-json\/wp\/v2\/media?parent=3"}],"curies":[{"name":"wp","href":"https:\/\/api.w.org\/{rel}","templated":true}]}}