{"id":89,"date":"2025-07-15T23:25:13","date_gmt":"2025-07-15T22:25:13","guid":{"rendered":"https:\/\/mk-multiservices.fr\/?page_id=89"},"modified":"2025-11-13T00:48:25","modified_gmt":"2025-11-12T23:48:25","slug":"location-de-bennes","status":"publish","type":"page","link":"https:\/\/mk-multiservices.fr\/index.php\/location-de-bennes\/","title":{"rendered":"Location de Bennes"},"content":{"rendered":"\n<div class=\"wp-block-uagb-container uagb-block-75364b0e alignfull uagb-is-root-container\"><div class=\"uagb-container-inner-blocks-wrap\">\n<div class=\"wp-block-uagb-container uagb-block-a2bd6145\"><\/div>\n\n\n\n<div class=\"wp-block-uagb-container uagb-block-251157c6\">\n<h1 class=\"wp-block-heading has-ast-global-color-4-color has-text-color has-link-color wp-elements-87547616c817e59adfce24f311fce5c1\"><strong>Location de Bennes \u00e0 Lyon \u2013 Rapide et Simple avec MK Multiservices<\/strong><\/h1>\n<\/div>\n<\/div><\/div>\n\n\n\n<div class=\"wp-block-uagb-container uagb-block-76bd0411 alignfull uagb-is-root-container\"><div class=\"uagb-container-inner-blocks-wrap\">\n<div class=\"wp-block-uagb-container uagb-block-e05a54b8\">\n<h2 class=\"wp-block-heading\">Des bennes pour tous vos chantiers<\/h2>\n\n\n\n<p>Que vous soyez particulier, artisan ou entreprise, la gestion des d\u00e9chets de chantier ou d\u2019encombrants est souvent un casse-t\u00eate.<br>Avec MK Multiservices, <strong>la location de bennes devient simple, rapide et sans surprise<\/strong>.<br>Nous livrons nos bennes directement sur votre chantier, \u00e0 Lyon et ses alentours, et nous les r\u00e9cup\u00e9rons selon vos disponibilit\u00e9s.<\/p>\n<\/div>\n<\/div><\/div>\n\n\n\n<div class=\"wp-block-uagb-container uagb-block-062b590d alignfull uagb-is-root-container\"><div class=\"uagb-container-inner-blocks-wrap\">\n<h3 class=\"wp-block-heading\">Nos bennes disponibles \u00e0 la location :<\/h3>\n\n\n\n<p>MK Multiservices met \u00e0 votre disposition plusieurs <strong>volumes de bennes<\/strong> afin de s\u2019adapter \u00e0 tous types de chantiers et de d\u00e9chets.<\/p>\n\n\n\n<div class=\"wp-block-columns is-layout-flex wp-container-core-columns-is-layout-28f84493 wp-block-columns-is-layout-flex\">\n<div class=\"wp-block-column is-layout-flow wp-block-column-is-layout-flow\">\n<div class=\"wp-block-uagb-image uagb-block-d546e629 wp-block-uagb-image--layout-default wp-block-uagb-image--effect-static wp-block-uagb-image--align-none\"><figure class=\"wp-block-uagb-image__figure\"><img decoding=\"async\" srcset=\"https:\/\/mk-multiservices.fr\/wp-content\/uploads\/2025\/11\/Benne-3m3-1024x768.jpg ,https:\/\/mk-multiservices.fr\/wp-content\/uploads\/2025\/11\/Benne-3m3.jpg 780w, https:\/\/mk-multiservices.fr\/wp-content\/uploads\/2025\/11\/Benne-3m3-1024x768.jpg 360w\" sizes=\"auto, (max-width: 480px) 150px\" src=\"https:\/\/mk-multiservices.fr\/wp-content\/uploads\/2025\/11\/Benne-3m3-1024x768.jpg\" alt=\"\" class=\"uag-image-309\" width=\"1024\" height=\"768\" title=\"Benne-3m3\" loading=\"lazy\" role=\"img\"\/><figcaption class=\"uagb-image-caption\">Benne de 3m3 rempli de v\u00e9g\u00e9taux<\/figcaption><\/figure><\/div>\n<\/div>\n\n\n\n<div class=\"wp-block-column is-vertically-aligned-center is-content-justification-center is-layout-constrained wp-block-column-is-layout-constrained\">\n<p class=\"has-text-align-center\" style=\"border-style:none;border-width:0px;padding-top:0;padding-bottom:0\">Les <strong>petites bennes (3 m\u00b3 et 6 m\u00b3)<\/strong> sont parfaites pour les <strong>chargements lourds<\/strong> comme les gravats, la terre ou le b\u00e9ton, car elles restent faciles \u00e0 man\u0153uvrer et respectent la capacit\u00e9 de levage du camion.<\/p>\n<\/div>\n<\/div>\n\n\n\n<div class=\"wp-block-columns is-layout-flex wp-container-core-columns-is-layout-28f84493 wp-block-columns-is-layout-flex\">\n<div class=\"wp-block-column is-vertically-aligned-center is-content-justification-center is-layout-constrained wp-block-column-is-layout-constrained\">\n<p class=\"has-text-align-center\" style=\"border-style:none;border-width:0px;padding-top:0;padding-bottom:0\">Les <strong>bennes de plus grand volume (9 m\u00b3 et 12 m\u00b3)<\/strong> conviennent davantage aux <strong>d\u00e9chets volumineux et l\u00e9gers<\/strong>, tels que le bois, les encombrants ou les d\u00e9chets verts.<\/p>\n<\/div>\n\n\n\n<div class=\"wp-block-column is-layout-flow wp-block-column-is-layout-flow\">\n<div class=\"wp-block-uagb-image uagb-block-6b2d04c9 wp-block-uagb-image--layout-default wp-block-uagb-image--effect-static wp-block-uagb-image--align-none\"><figure class=\"wp-block-uagb-image__figure\"><img decoding=\"async\" srcset=\"https:\/\/mk-multiservices.fr\/wp-content\/uploads\/2025\/11\/Bennes10-12m3-e1762990815256.jpg ,https:\/\/mk-multiservices.fr\/wp-content\/uploads\/2025\/11\/Bennes10-12m3-e1762990815256.jpg 780w, https:\/\/mk-multiservices.fr\/wp-content\/uploads\/2025\/11\/Bennes10-12m3-e1762990815256.jpg 360w\" sizes=\"auto, (max-width: 480px) 150px\" src=\"https:\/\/mk-multiservices.fr\/wp-content\/uploads\/2025\/11\/Bennes10-12m3-e1762990815256.jpg\" alt=\"\" class=\"uag-image-312\" width=\"828\" height=\"620\" title=\"Bennes10-12m3\" loading=\"lazy\" role=\"img\"\/><figcaption class=\"uagb-image-caption\">Bennes de 10 et 12m3<\/figcaption><\/figure><\/div>\n<\/div>\n<\/div>\n\n\n\n<p>Chaque benne est livr\u00e9e et r\u00e9cup\u00e9r\u00e9e directement sur votre chantier ou \u00e0 votre domicile, avec un service rapide et professionnel dans toute la r\u00e9gion lyonnaise.<\/p>\n\n\n\n<p>\u2705 Possibilit\u00e9 de <strong>d\u00e9poser la benne chez vous ou sur voirie<\/strong> (selon autorisation de la mairie).<br>\u267b\ufe0f Nous assurons le <strong>tri et le recyclage des d\u00e9chets<\/strong> dans les fili\u00e8res agr\u00e9\u00e9es.<\/p>\n<\/div><\/div>\n\n\n\n<div class=\"wp-block-uagb-container uagb-block-90d4a0a0 alignfull uagb-is-root-container\"><div class=\"uagb-container-inner-blocks-wrap\">\n<h2 class=\"wp-block-heading\">\ud83d\udccb <strong>Comment \u00e7a marche ?<\/strong><\/h2>\n\n\n\n<div class=\"wp-block-columns is-layout-flex wp-container-core-columns-is-layout-28f84493 wp-block-columns-is-layout-flex\">\n<div class=\"wp-block-column is-layout-flow wp-block-column-is-layout-flow\">\n<div class=\"wp-block-uagb-icon-list uagb-block-8b2fc938\"><div class=\"uagb-icon-list__wrap\">\n<div class=\"wp-block-uagb-icon-list-child uagb-block-aee4f600\"><span class=\"uagb-icon-list__source-wrap\"><svg xmlns=\"https:\/\/www.w3.org\/2000\/svg\" viewBox=\"0 0 256 512\"><path d=\"M256 448c0 17.67-14.33 32-32 32H32c-17.67 0-32-14.33-32-32s14.33-32 32-32h64V123.8L49.75 154.6C35.02 164.5 15.19 160.4 5.375 145.8C-4.422 131.1-.4531 111.2 14.25 101.4l96-64c9.828-6.547 22.45-7.187 32.84-1.594C153.5 41.37 160 52.22 160 64.01v352h64C241.7 416 256 430.3 256 448z\"><\/path><\/svg><\/span><span class=\"uagb-icon-list__label\"><strong>Choisissez votre benne<\/strong> selon le volume n\u00e9cessairet item<\/span><\/div>\n\n\n\n<div class=\"wp-block-uagb-icon-list-child uagb-block-5641ffad\"><span class=\"uagb-icon-list__source-wrap\"><svg xmlns=\"https:\/\/www.w3.org\/2000\/svg\" viewBox=\"0 0 320 512\"><path d=\"M320 448c0 17.67-14.33 32-32 32H32c-13.08 0-24.83-7.953-29.7-20.09c-4.859-12.12-1.859-26 7.594-35.03l193.6-185.1c31.36-30.17 33.95-80 5.812-113.4c-14.91-17.69-35.86-28.12-58.97-29.38C127.4 95.83 105.3 103.9 88.53 119.9L53.52 151.7c-13.08 11.91-33.33 10.89-45.2-2.172C-3.563 136.5-2.594 116.2 10.48 104.3l34.45-31.3c28.67-27.34 68.39-42.11 108.9-39.88c40.33 2.188 78.39 21.16 104.4 52.03c49.8 59.05 45.2 147.3-10.45 200.8l-136 130H288C305.7 416 320 430.3 320 448z\"><\/path><\/svg><\/span><span class=\"uagb-icon-list__label\"><strong>Nous livrons sous 24 \u00e0 48h<\/strong> sur Lyon et alentours<\/span><\/div>\n\n\n\n<div class=\"wp-block-uagb-icon-list-child uagb-block-57e9a219\"><span class=\"uagb-icon-list__source-wrap\"><svg xmlns=\"https:\/\/www.w3.org\/2000\/svg\" viewBox=\"0 0 320 512\"><path d=\"M320 344c0 74.98-61.02 136-136 136H103.6c-46.34 0-87.31-29.53-101.1-73.48c-5.594-16.77 3.484-34.88 20.25-40.47c16.75-5.609 34.89 3.484 40.47 20.25c5.922 17.77 22.48 29.7 41.23 29.7H184c39.7 0 72-32.3 72-72s-32.3-72-72-72H80c-13.2 0-25.05-8.094-29.83-20.41C45.39 239.3 48.66 225.3 58.38 216.4l131.4-120.4H32c-17.67 0-32-14.33-32-32s14.33-32 32-32h240c13.2 0 25.05 8.094 29.83 20.41c4.781 12.3 1.516 26.27-8.203 35.19l-131.4 120.4H184C258.1 208 320 269 320 344z\"><\/path><\/svg><\/span><span class=\"uagb-icon-list__label\"><strong>Vous remplissez la benne \u00e0 votre rythme<\/strong> (location courte ou longue dur\u00e9e)<\/span><\/div>\n\n\n\n<div class=\"wp-block-uagb-icon-list-child uagb-block-04ff90ad\"><span class=\"uagb-icon-list__source-wrap\"><svg xmlns=\"https:\/\/www.w3.org\/2000\/svg\" viewBox=\"0 0 384 512\"><path d=\"M384 334.2c0 17.67-14.33 32-32 32h-32v81.78c0 17.67-14.33 32-32 32s-32-14.33-32-32v-81.78H32c-10.97 0-21.17-5.625-27.05-14.89c-5.859-9.266-6.562-20.89-1.875-30.81l128-270.2C138.6 34.33 157.8 27.56 173.7 35.09c15.97 7.562 22.78 26.66 15.22 42.63L82.56 302.2H256V160c0-17.67 14.33-32 32-32s32 14.33 32 32v142.2h32C369.7 302.2 384 316.6 384 334.2z\"><\/path><\/svg><\/span><span class=\"uagb-icon-list__label\"><strong>Nous venons la r\u00e9cup\u00e9rer<\/strong> et nous occupons du traitement des d\u00e9chets<\/span><\/div>\n<\/div><\/div>\n<\/div>\n<\/div>\n<\/div><\/div>\n\n\n\n<div class=\"wp-block-uagb-separator uagb-block-5a951a75\"><div class=\"uagb-separator-spacing-wrapper\"><div class=\"wp-block-uagb-separator__inner\" style=\"--my-background-image:\"><\/div><\/div><\/div>\n\n\n\n<div class=\"wp-block-uagb-container uagb-block-6681220e alignfull uagb-is-root-container\"><div class=\"uagb-container-inner-blocks-wrap\">\n<div class=\"wp-block-uagb-container uagb-block-38ac871b\">\n<h2 class=\"wp-block-heading has-text-align-center\">\ud83d\udcac <strong>Questions fr\u00e9quentes (FAQ rapide)<\/strong><\/h2>\n\n\n\n<div class=\"wp-block-columns is-layout-flex wp-container-core-columns-is-layout-28f84493 wp-block-columns-is-layout-flex\">\n<div class=\"wp-block-column is-layout-flow wp-block-column-is-layout-flow\">\n<h4 class=\"wp-block-heading has-text-align-center\">\ud83d\udd52  Combien de temps puis-je garder la benne ?<\/h4>\n\n\n\n<p class=\"has-text-align-center\">De 1 \u00e0 7 jours selon votre besoin (prolongation possible sur demande)<\/p>\n<\/div>\n\n\n\n<div class=\"wp-block-column is-layout-flow wp-block-column-is-layout-flow\">\n<h4 class=\"wp-block-heading has-text-align-center\">\ud83d\udccd Faut-il une autorisation si la benne est sur la voie publique ?<\/h4>\n\n\n\n<p class=\"has-text-align-center\">Oui, mais nous pouvons vous accompagner dans la d\u00e9marche aupr\u00e8s de votre mairie.<\/p>\n<\/div>\n\n\n\n<div class=\"wp-block-column is-layout-flow wp-block-column-is-layout-flow\">\n<h4 class=\"wp-block-heading has-text-align-center\">\ud83d\udeab Quels d\u00e9chets sont interdits ?<\/h4>\n\n\n\n<p class=\"has-text-align-center\">A partir du moment o\u00f9 vous nous pr\u00e9venez lors du devis, nous pouvons traiter tout types de d\u00e9chets  <\/p>\n<\/div>\n<\/div>\n<\/div>\n<\/div><\/div>\n\n\n\n<div class=\"wp-block-uagb-container uagb-block-8e73804b alignfull uagb-is-root-container\"><div class=\"uagb-container-inner-blocks-wrap\">\n<h2 class=\"wp-block-heading has-text-align-center\">\ud83d\udcde <strong>Demandez votre devis gratuit d\u00e8s maintenant !<\/strong><\/h2>\n\n\n\n<p class=\"has-text-align-center\">Vous avez besoin d\u2019une benne rapidement ? Contactez-nous pour choisir la solution adapt\u00e9e \u00e0 votre chantier.<br>\ud83d\udccd Intervention rapide \u00e0 Lyon, Villeurbanne, Bron, V\u00e9nissieux, Caluire\u2026<\/p>\n\n\n\n<div class=\"wp-block-uagb-buttons uagb-buttons__outer-wrap uagb-btn__default-btn uagb-btn-tablet__default-btn uagb-btn-mobile__default-btn uagb-block-18be1460\"><div class=\"uagb-buttons__wrap uagb-buttons-layout-wrap \">\n<div class=\"wp-block-uagb-buttons-child uagb-buttons__outer-wrap uagb-block-05a92c71 wp-block-button\"><div class=\"uagb-button__wrapper\"><a class=\"uagb-buttons-repeater wp-block-button__link\" aria-label=\"\" href=\"https:\/\/mk-multiservices.fr\/index.php\/contact\/\" rel=\"follow noopener\" target=\"_self\" role=\"button\"><div class=\"uagb-button__link\">Demander un devis<\/div><\/a><\/div><\/div>\n<\/div><\/div>\n<\/div><\/div>\n\n\n\n<p><\/p>\n","protected":false},"excerpt":{"rendered":"<p>Location de Bennes \u00e0 Lyon \u2013 Rapide et Simple avec MK Multiservices Des bennes pour tous vos chantiers Que vous [&hellip;]<\/p>\n","protected":false},"author":1,"featured_media":0,"parent":0,"menu_order":0,"comment_status":"closed","ping_status":"closed","template":"","meta":{"_uag_custom_page_level_css":"","site-sidebar-layout":"default","site-content-layout":"","ast-site-content-layout":"default","site-content-style":"default","site-sidebar-style":"default","ast-global-header-display":"","ast-banner-title-visibility":"","ast-main-header-display":"","ast-hfb-above-header-display":"","ast-hfb-below-header-display":"","ast-hfb-mobile-header-display":"","site-post-title":"disabled","ast-breadcrumbs-content":"","ast-featured-img":"","footer-sml-layout":"","theme-transparent-header-meta":"","adv-header-id-meta":"","stick-header-meta":"","header-above-stick-meta":"","header-main-stick-meta":"","header-below-stick-meta":"","astra-migrate-meta-layouts":"default","ast-page-background-enabled":"default","ast-page-background-meta":{"desktop":{"background-color":"var(--ast-global-color-5)","background-image":"","background-repeat":"repeat","background-position":"center center","background-size":"auto","background-attachment":"scroll","background-type":"","background-media":"","overlay-type":"","overlay-color":"","overlay-opacity":"","overlay-gradient":""},"tablet":{"background-color":"","background-image":"","background-repeat":"repeat","background-position":"center center","background-size":"auto","background-attachment":"scroll","background-type":"","background-media":"","overlay-type":"","overlay-color":"","overlay-opacity":"","overlay-gradient":""},"mobile":{"background-color":"","background-image":"","background-repeat":"repeat","background-position":"center center","background-size":"auto","background-attachment":"scroll","background-type":"","background-media":"","overlay-type":"","overlay-color":"","overlay-opacity":"","overlay-gradient":""}},"ast-content-background-meta":{"desktop":{"background-color":"var(--ast-global-color-4)","background-image":"","background-repeat":"repeat","background-position":"center center","background-size":"auto","background-attachment":"scroll","background-type":"","background-media":"","overlay-type":"","overlay-color":"","overlay-opacity":"","overlay-gradient":""},"tablet":{"background-color":"var(--ast-global-color-4)","background-image":"","background-repeat":"repeat","background-position":"center center","background-size":"auto","background-attachment":"scroll","background-type":"","background-media":"","overlay-type":"","overlay-color":"","overlay-opacity":"","overlay-gradient":""},"mobile":{"background-color":"var(--ast-global-color-4)","background-image":"","background-repeat":"repeat","background-position":"center center","background-size":"auto","background-attachment":"scroll","background-type":"","background-media":"","overlay-type":"","overlay-color":"","overlay-opacity":"","overlay-gradient":""}},"footnotes":""},"class_list":["post-89","page","type-page","status-publish","hentry"],"yoast_head":"<!-- This site is optimized with the Yoast SEO plugin v26.3 - https:\/\/yoast.com\/wordpress\/plugins\/seo\/ -->\n<title>MK Multiservices - Location de Bennes \u00e0 Lyon et alentours<\/title>\n<meta name=\"description\" content=\"Besoin d\u2019une benne \u00e0 gravats ou d\u00e9chets ? MK Multiservices propose la location de bennes \u00e0 Lyon. Intervention rapide et tarifs transparents\" \/>\n<meta name=\"robots\" content=\"index, follow, max-snippet:-1, max-image-preview:large, max-video-preview:-1\" \/>\n<link rel=\"canonical\" href=\"https:\/\/mk-multiservices.fr\/index.php\/location-de-bennes\/\" \/>\n<meta property=\"og:locale\" content=\"fr_FR\" \/>\n<meta property=\"og:type\" content=\"article\" \/>\n<meta property=\"og:title\" content=\"MK Multiservices - Location de Bennes \u00e0 Lyon et alentours\" \/>\n<meta property=\"og:description\" content=\"Besoin d\u2019une benne \u00e0 gravats ou d\u00e9chets ? MK Multiservices propose la location de bennes \u00e0 Lyon. Intervention rapide et tarifs transparents\" \/>\n<meta property=\"og:url\" content=\"https:\/\/mk-multiservices.fr\/index.php\/location-de-bennes\/\" \/>\n<meta property=\"og:site_name\" content=\"MK Multiservices\" \/>\n<meta property=\"article:modified_time\" content=\"2025-11-12T23:48:25+00:00\" \/>\n<meta property=\"og:image\" content=\"https:\/\/mk-multiservices.fr\/wp-content\/uploads\/2025\/11\/Benne-3m3-1024x768.jpg\" \/>\n<meta name=\"twitter:card\" content=\"summary_large_image\" \/>\n<meta name=\"twitter:label1\" content=\"Dur\u00e9e de lecture estim\u00e9e\" \/>\n\t<meta name=\"twitter:data1\" content=\"3 minutes\" \/>\n<script type=\"application\/ld+json\" class=\"yoast-schema-graph\">{\"@context\":\"https:\/\/schema.org\",\"@graph\":[{\"@type\":\"WebPage\",\"@id\":\"https:\/\/mk-multiservices.fr\/index.php\/location-de-bennes\/\",\"url\":\"https:\/\/mk-multiservices.fr\/index.php\/location-de-bennes\/\",\"name\":\"MK Multiservices - Location de Bennes \u00e0 Lyon et alentours\",\"isPartOf\":{\"@id\":\"https:\/\/mk-multiservices.fr\/#website\"},\"primaryImageOfPage\":{\"@id\":\"https:\/\/mk-multiservices.fr\/index.php\/location-de-bennes\/#primaryimage\"},\"image\":{\"@id\":\"https:\/\/mk-multiservices.fr\/index.php\/location-de-bennes\/#primaryimage\"},\"thumbnailUrl\":\"https:\/\/mk-multiservices.fr\/wp-content\/uploads\/2025\/11\/Benne-3m3-1024x768.jpg\",\"datePublished\":\"2025-07-15T22:25:13+00:00\",\"dateModified\":\"2025-11-12T23:48:25+00:00\",\"description\":\"Besoin d\u2019une benne \u00e0 gravats ou d\u00e9chets ? MK Multiservices propose la location de bennes \u00e0 Lyon. Intervention rapide et tarifs transparents\",\"breadcrumb\":{\"@id\":\"https:\/\/mk-multiservices.fr\/index.php\/location-de-bennes\/#breadcrumb\"},\"inLanguage\":\"fr-FR\",\"potentialAction\":[{\"@type\":\"ReadAction\",\"target\":[\"https:\/\/mk-multiservices.fr\/index.php\/location-de-bennes\/\"]}]},{\"@type\":\"ImageObject\",\"inLanguage\":\"fr-FR\",\"@id\":\"https:\/\/mk-multiservices.fr\/index.php\/location-de-bennes\/#primaryimage\",\"url\":\"https:\/\/mk-multiservices.fr\/wp-content\/uploads\/2025\/11\/Benne-3m3.jpg\",\"contentUrl\":\"https:\/\/mk-multiservices.fr\/wp-content\/uploads\/2025\/11\/Benne-3m3.jpg\",\"width\":1104,\"height\":828,\"caption\":\"Benne de 3m3 rempli de v\u00e9g\u00e9taux\"},{\"@type\":\"BreadcrumbList\",\"@id\":\"https:\/\/mk-multiservices.fr\/index.php\/location-de-bennes\/#breadcrumb\",\"itemListElement\":[{\"@type\":\"ListItem\",\"position\":1,\"name\":\"Accueil\",\"item\":\"https:\/\/mk-multiservices.fr\/\"},{\"@type\":\"ListItem\",\"position\":2,\"name\":\"Location de Bennes\"}]},{\"@type\":\"WebSite\",\"@id\":\"https:\/\/mk-multiservices.fr\/#website\",\"url\":\"https:\/\/mk-multiservices.fr\/\",\"name\":\"MK Multiservices\",\"description\":\"\",\"publisher\":{\"@id\":\"https:\/\/mk-multiservices.fr\/#organization\"},\"potentialAction\":[{\"@type\":\"SearchAction\",\"target\":{\"@type\":\"EntryPoint\",\"urlTemplate\":\"https:\/\/mk-multiservices.fr\/?s={search_term_string}\"},\"query-input\":{\"@type\":\"PropertyValueSpecification\",\"valueRequired\":true,\"valueName\":\"search_term_string\"}}],\"inLanguage\":\"fr-FR\"},{\"@type\":\"Organization\",\"@id\":\"https:\/\/mk-multiservices.fr\/#organization\",\"name\":\"MK Multiservices\",\"url\":\"https:\/\/mk-multiservices.fr\/\",\"logo\":{\"@type\":\"ImageObject\",\"inLanguage\":\"fr-FR\",\"@id\":\"https:\/\/mk-multiservices.fr\/#\/schema\/logo\/image\/\",\"url\":\"https:\/\/mk-multiservices.fr\/wp-content\/uploads\/2025\/07\/logo1.png\",\"contentUrl\":\"https:\/\/mk-multiservices.fr\/wp-content\/uploads\/2025\/07\/logo1.png\",\"width\":1024,\"height\":1024,\"caption\":\"MK Multiservices\"},\"image\":{\"@id\":\"https:\/\/mk-multiservices.fr\/#\/schema\/logo\/image\/\"}}]}<\/script>\n<!-- \/ Yoast SEO plugin. -->","yoast_head_json":{"title":"MK Multiservices - Location de Bennes \u00e0 Lyon et alentours","description":"Besoin d\u2019une benne \u00e0 gravats ou d\u00e9chets ? MK Multiservices propose la location de bennes \u00e0 Lyon. Intervention rapide et tarifs transparents","robots":{"index":"index","follow":"follow","max-snippet":"max-snippet:-1","max-image-preview":"max-image-preview:large","max-video-preview":"max-video-preview:-1"},"canonical":"https:\/\/mk-multiservices.fr\/index.php\/location-de-bennes\/","og_locale":"fr_FR","og_type":"article","og_title":"MK Multiservices - Location de Bennes \u00e0 Lyon et alentours","og_description":"Besoin d\u2019une benne \u00e0 gravats ou d\u00e9chets ? MK Multiservices propose la location de bennes \u00e0 Lyon. Intervention rapide et tarifs transparents","og_url":"https:\/\/mk-multiservices.fr\/index.php\/location-de-bennes\/","og_site_name":"MK Multiservices","article_modified_time":"2025-11-12T23:48:25+00:00","og_image":[{"url":"https:\/\/mk-multiservices.fr\/wp-content\/uploads\/2025\/11\/Benne-3m3-1024x768.jpg","type":"","width":"","height":""}],"twitter_card":"summary_large_image","twitter_misc":{"Dur\u00e9e de lecture estim\u00e9e":"3 minutes"},"schema":{"@context":"https:\/\/schema.org","@graph":[{"@type":"WebPage","@id":"https:\/\/mk-multiservices.fr\/index.php\/location-de-bennes\/","url":"https:\/\/mk-multiservices.fr\/index.php\/location-de-bennes\/","name":"MK Multiservices - Location de Bennes \u00e0 Lyon et alentours","isPartOf":{"@id":"https:\/\/mk-multiservices.fr\/#website"},"primaryImageOfPage":{"@id":"https:\/\/mk-multiservices.fr\/index.php\/location-de-bennes\/#primaryimage"},"image":{"@id":"https:\/\/mk-multiservices.fr\/index.php\/location-de-bennes\/#primaryimage"},"thumbnailUrl":"https:\/\/mk-multiservices.fr\/wp-content\/uploads\/2025\/11\/Benne-3m3-1024x768.jpg","datePublished":"2025-07-15T22:25:13+00:00","dateModified":"2025-11-12T23:48:25+00:00","description":"Besoin d\u2019une benne \u00e0 gravats ou d\u00e9chets ? MK Multiservices propose la location de bennes \u00e0 Lyon. Intervention rapide et tarifs transparents","breadcrumb":{"@id":"https:\/\/mk-multiservices.fr\/index.php\/location-de-bennes\/#breadcrumb"},"inLanguage":"fr-FR","potentialAction":[{"@type":"ReadAction","target":["https:\/\/mk-multiservices.fr\/index.php\/location-de-bennes\/"]}]},{"@type":"ImageObject","inLanguage":"fr-FR","@id":"https:\/\/mk-multiservices.fr\/index.php\/location-de-bennes\/#primaryimage","url":"https:\/\/mk-multiservices.fr\/wp-content\/uploads\/2025\/11\/Benne-3m3.jpg","contentUrl":"https:\/\/mk-multiservices.fr\/wp-content\/uploads\/2025\/11\/Benne-3m3.jpg","width":1104,"height":828,"caption":"Benne de 3m3 rempli de v\u00e9g\u00e9taux"},{"@type":"BreadcrumbList","@id":"https:\/\/mk-multiservices.fr\/index.php\/location-de-bennes\/#breadcrumb","itemListElement":[{"@type":"ListItem","position":1,"name":"Accueil","item":"https:\/\/mk-multiservices.fr\/"},{"@type":"ListItem","position":2,"name":"Location de Bennes"}]},{"@type":"WebSite","@id":"https:\/\/mk-multiservices.fr\/#website","url":"https:\/\/mk-multiservices.fr\/","name":"MK Multiservices","description":"","publisher":{"@id":"https:\/\/mk-multiservices.fr\/#organization"},"potentialAction":[{"@type":"SearchAction","target":{"@type":"EntryPoint","urlTemplate":"https:\/\/mk-multiservices.fr\/?s={search_term_string}"},"query-input":{"@type":"PropertyValueSpecification","valueRequired":true,"valueName":"search_term_string"}}],"inLanguage":"fr-FR"},{"@type":"Organization","@id":"https:\/\/mk-multiservices.fr\/#organization","name":"MK Multiservices","url":"https:\/\/mk-multiservices.fr\/","logo":{"@type":"ImageObject","inLanguage":"fr-FR","@id":"https:\/\/mk-multiservices.fr\/#\/schema\/logo\/image\/","url":"https:\/\/mk-multiservices.fr\/wp-content\/uploads\/2025\/07\/logo1.png","contentUrl":"https:\/\/mk-multiservices.fr\/wp-content\/uploads\/2025\/07\/logo1.png","width":1024,"height":1024,"caption":"MK Multiservices"},"image":{"@id":"https:\/\/mk-multiservices.fr\/#\/schema\/logo\/image\/"}}]}},"uagb_featured_image_src":{"full":false,"thumbnail":false,"medium":false,"medium_large":false,"large":false,"1536x1536":false,"2048x2048":false},"uagb_author_info":{"display_name":"admin7224","author_link":"https:\/\/mk-multiservices.fr\/index.php\/author\/admin7224\/"},"uagb_comment_info":0,"uagb_excerpt":"Location de Bennes \u00e0 Lyon \u2013 Rapide et Simple avec MK Multiservices Des bennes pour tous vos chantiers Que vous [&hellip;]","_links":{"self":[{"href":"https:\/\/mk-multiservices.fr\/index.php\/wp-json\/wp\/v2\/pages\/89","targetHints":{"allow":["GET"]}}],"collection":[{"href":"https:\/\/mk-multiservices.fr\/index.php\/wp-json\/wp\/v2\/pages"}],"about":[{"href":"https:\/\/mk-multiservices.fr\/index.php\/wp-json\/wp\/v2\/types\/page"}],"author":[{"embeddable":true,"href":"https:\/\/mk-multiservices.fr\/index.php\/wp-json\/wp\/v2\/users\/1"}],"replies":[{"embeddable":true,"href":"https:\/\/mk-multiservices.fr\/index.php\/wp-json\/wp\/v2\/comments?post=89"}],"version-history":[{"count":10,"href":"https:\/\/mk-multiservices.fr\/index.php\/wp-json\/wp\/v2\/pages\/89\/revisions"}],"predecessor-version":[{"id":331,"href":"https:\/\/mk-multiservices.fr\/index.php\/wp-json\/wp\/v2\/pages\/89\/revisions\/331"}],"wp:attachment":[{"href":"https:\/\/mk-multiservices.fr\/index.php\/wp-json\/wp\/v2\/media?parent=89"}],"curies":[{"name":"wp","href":"https:\/\/api.w.org\/{rel}","templated":true}]}}