{"id":96,"date":"2025-07-15T23:27:35","date_gmt":"2025-07-15T22:27:35","guid":{"rendered":"https:\/\/mk-multiservices.fr\/?page_id=96"},"modified":"2025-11-11T12:24:04","modified_gmt":"2025-11-11T11:24:04","slug":"demolition-2","status":"publish","type":"page","link":"https:\/\/mk-multiservices.fr\/index.php\/demolition-2\/","title":{"rendered":"D\u00e9molition"},"content":{"rendered":"\n<div class=\"wp-block-uagb-container uagb-block-2a93bb07 alignfull uagb-is-root-container\"><div class=\"uagb-container-inner-blocks-wrap\">\n<div class=\"wp-block-uagb-container uagb-block-706c5d2b\">\n<h2 class=\"wp-block-heading has-ast-global-color-4-color has-text-color has-link-color wp-elements-ff70609d93661f71329f69612ad0770f\">MK Multiservices D\u00e9molition \u00e0 Lyon \u2013 S\u00e9curit\u00e9, Efficacit\u00e9, Propret\u00e9<\/h2>\n<\/div>\n\n\n\n<div class=\"wp-block-uagb-container uagb-block-05f80b82\"><\/div>\n<\/div><\/div>\n\n\n\n<div class=\"wp-block-uagb-container uagb-block-a75951c1 alignfull uagb-is-root-container\"><div class=\"uagb-container-inner-blocks-wrap\">\n<h3 class=\"wp-block-heading\">Un savoir-faire solide pour vos projets de d\u00e9molition<\/h3>\n\n\n\n<p>Qu\u2019il s\u2019agisse d\u2019une cloison, d\u2019un b\u00e2timent ou d\u2019un local professionnel, la d\u00e9molition est une \u00e9tape d\u00e9licate qui n\u00e9cessite rigueur, s\u00e9curit\u00e9 et organisation.<br>Chez <strong>MK Multiservices<\/strong>, nous assurons des interventions <strong>rapides, propres et conformes aux normes<\/strong>, pour pr\u00e9parer votre chantier dans les meilleures conditions.<\/p>\n<\/div><\/div>\n\n\n\n<div class=\"wp-block-uagb-container uagb-block-e6367fe7 alignfull uagb-is-root-container\"><div class=\"uagb-container-inner-blocks-wrap\">\n<div class=\"wp-block-uagb-container uagb-block-54865387\">\n<h3 class=\"wp-block-heading\">Nos services de d\u00e9molition incluent :<\/h3>\n\n\n\n<ul class=\"wp-block-list\">\n<li><strong>D\u00e9molition int\u00e9rieure<\/strong> : cloisons, murs non porteurs, plafonds, sols<\/li>\n\n\n\n<li><strong>D\u00e9molition ext\u00e9rieure<\/strong> : garages, petites structures, annexes, murs de cl\u00f4ture<\/li>\n\n\n\n<li><strong>D\u00e9construction s\u00e9lective<\/strong> : r\u00e9cup\u00e9ration de mat\u00e9riaux, tri des d\u00e9chets<\/li>\n\n\n\n<li><strong>Evacuation des gravats et nettoyage du chantier<\/strong><\/li>\n<\/ul>\n<\/div>\n\n\n\n<div class=\"wp-block-uagb-container uagb-block-9ff97a2c\">\n<figure class=\"wp-block-image size-large has-custom-border is-style-rounded\" style=\"margin-right:0;margin-left:0\"><img loading=\"lazy\" decoding=\"async\" width=\"1024\" height=\"700\" src=\"https:\/\/mk-multiservices.fr\/wp-content\/uploads\/2025\/07\/travailleurs-de-la-construction-routiere-1024x700.jpg\" alt=\"\" class=\"wp-image-106\" style=\"border-style:none;border-width:0px\" srcset=\"https:\/\/mk-multiservices.fr\/wp-content\/uploads\/2025\/07\/travailleurs-de-la-construction-routiere-1024x700.jpg 1024w, https:\/\/mk-multiservices.fr\/wp-content\/uploads\/2025\/07\/travailleurs-de-la-construction-routiere-300x205.jpg 300w, https:\/\/mk-multiservices.fr\/wp-content\/uploads\/2025\/07\/travailleurs-de-la-construction-routiere-768x525.jpg 768w, https:\/\/mk-multiservices.fr\/wp-content\/uploads\/2025\/07\/travailleurs-de-la-construction-routiere-1536x1050.jpg 1536w, https:\/\/mk-multiservices.fr\/wp-content\/uploads\/2025\/07\/travailleurs-de-la-construction-routiere-2048x1400.jpg 2048w\" sizes=\"auto, (max-width: 1024px) 100vw, 1024px\" \/><\/figure>\n<\/div>\n<\/div><\/div>\n\n\n\n<div class=\"wp-block-uagb-container uagb-block-792c60bd alignfull uagb-is-root-container\"><div class=\"uagb-container-inner-blocks-wrap\">\n<h2 class=\"wp-block-heading has-text-align-center\">Nos derniers chantiers <\/h2>\n\n\n\t\t\t\t\t<div\n\t\t\t\t\t\tclass=\"wp-block-uagb-image-gallery uagb-block-5cd35727     \"\n\t\t\t\t\t\tstyle=\"\"\n\t\t\t\t\t>\n\t\t\t\t\t\t\t\t\t\t\t<div class=\"spectra-image-gallery spectra-image-gallery__layout--grid spectra-image-gallery__layout--grid-col-3 spectra-image-gallery__layout--grid-col-tab-3 spectra-image-gallery__layout--grid-col-mob-1\">\n\t\t\t\t\t\t\t\t\t\t\t<div class='spectra-image-gallery__media-wrapper' data-spectra-gallery-image-id='231' tabindex=\"0\">\n\t\t\t\t\t\t\t<div class=\"spectra-image-gallery__media spectra-image-gallery__media--grid\">\n\t\t\t\t<picture>\n\t\t\t\t\t<source media=\"(min-width: 1024px)\" srcset=\"https:\/\/mk-multiservices.fr\/wp-content\/uploads\/2025\/11\/demolition-chantier1.jpg\">\n\t\t\t\t\t<source media=\"(min-width: 768px)\" srcset=\"https:\/\/mk-multiservices.fr\/wp-content\/uploads\/2025\/11\/demolition-chantier1.jpg\">\n\t\t\t\t\t<img decoding=\"async\" class=\"spectra-image-gallery__media-thumbnail spectra-image-gallery__media-thumbnail--grid\" src=\"https:\/\/mk-multiservices.fr\/wp-content\/uploads\/2025\/11\/demolition-chantier1.jpg\" alt=\"\" loading=\"lazy\" \/>\n\t\t\t\t<\/picture>\n\t\t\t\t<div class=\"spectra-image-gallery__media-thumbnail-blurrer\"><\/div>\n\t\t\t\t\t\t\t\t\t\t\t<div class=\"spectra-image-gallery__media-thumbnail-caption-wrapper spectra-image-gallery__media-thumbnail-caption-wrapper--overlay\">\n\t\t\t\t\t\t\t\t\t\t\t<div class=\"spectra-image-gallery__media-thumbnail-caption spectra-image-gallery__media-thumbnail-caption--overlay\">\n\t\t\t\t\tD\u00e9molition d&rsquo;un int\u00e9rieur de maison\t\t\t\t<\/div>\n\t\t\t\t\t\t\t\t\t\t<\/div>\n\t\t\t\t\t\t\t\t\t<\/div>\n\t\t\t\t\t\t<\/div>\n\t\t\t\t\t\t<div class='spectra-image-gallery__media-wrapper' data-spectra-gallery-image-id='233' tabindex=\"0\">\n\t\t\t\t\t\t\t<div class=\"spectra-image-gallery__media spectra-image-gallery__media--grid\">\n\t\t\t\t<picture>\n\t\t\t\t\t<source media=\"(min-width: 1024px)\" srcset=\"https:\/\/mk-multiservices.fr\/wp-content\/uploads\/2025\/11\/demolition-chantier2.jpg\">\n\t\t\t\t\t<source media=\"(min-width: 768px)\" srcset=\"https:\/\/mk-multiservices.fr\/wp-content\/uploads\/2025\/11\/demolition-chantier2.jpg\">\n\t\t\t\t\t<img decoding=\"async\" class=\"spectra-image-gallery__media-thumbnail spectra-image-gallery__media-thumbnail--grid\" src=\"https:\/\/mk-multiservices.fr\/wp-content\/uploads\/2025\/11\/demolition-chantier2.jpg\" alt=\"\" loading=\"lazy\" \/>\n\t\t\t\t<\/picture>\n\t\t\t\t<div class=\"spectra-image-gallery__media-thumbnail-blurrer\"><\/div>\n\t\t\t\t\t\t\t\t\t\t\t<div class=\"spectra-image-gallery__media-thumbnail-caption-wrapper spectra-image-gallery__media-thumbnail-caption-wrapper--overlay\">\n\t\t\t\t\t\t\t\t\t\t\t<div class=\"spectra-image-gallery__media-thumbnail-caption spectra-image-gallery__media-thumbnail-caption--overlay\">\n\t\t\t\t\tD\u00e9molition d&rsquo;une terrasse\t\t\t\t<\/div>\n\t\t\t\t\t\t\t\t\t\t<\/div>\n\t\t\t\t\t\t\t\t\t<\/div>\n\t\t\t\t\t\t<\/div>\n\t\t\t\t\t\t<div class='spectra-image-gallery__media-wrapper' data-spectra-gallery-image-id='234' tabindex=\"0\">\n\t\t\t\t\t\t\t<div class=\"spectra-image-gallery__media spectra-image-gallery__media--grid\">\n\t\t\t\t<picture>\n\t\t\t\t\t<source media=\"(min-width: 1024px)\" srcset=\"https:\/\/mk-multiservices.fr\/wp-content\/uploads\/2025\/11\/demolition-chantier3.jpg\">\n\t\t\t\t\t<source media=\"(min-width: 768px)\" srcset=\"https:\/\/mk-multiservices.fr\/wp-content\/uploads\/2025\/11\/demolition-chantier3.jpg\">\n\t\t\t\t\t<img decoding=\"async\" class=\"spectra-image-gallery__media-thumbnail spectra-image-gallery__media-thumbnail--grid\" src=\"https:\/\/mk-multiservices.fr\/wp-content\/uploads\/2025\/11\/demolition-chantier3.jpg\" alt=\"\" loading=\"lazy\" \/>\n\t\t\t\t<\/picture>\n\t\t\t\t<div class=\"spectra-image-gallery__media-thumbnail-blurrer\"><\/div>\n\t\t\t\t\t\t\t\t\t\t\t<div class=\"spectra-image-gallery__media-thumbnail-caption-wrapper spectra-image-gallery__media-thumbnail-caption-wrapper--overlay\">\n\t\t\t\t\t\t\t\t\t\t\t<div class=\"spectra-image-gallery__media-thumbnail-caption spectra-image-gallery__media-thumbnail-caption--overlay\">\n\t\t\t\t\tD\u00e9molition et terrassement d&rsquo;une maison\t\t\t\t<\/div>\n\t\t\t\t\t\t\t\t\t\t<\/div>\n\t\t\t\t\t\t\t\t\t<\/div>\n\t\t\t\t\t\t<\/div>\n\t\t\t\t\t\t\t\t\t\t<\/div>\n\t\t\t\t\t\t\t\t\t\t\t\t\t\t\t\t\t\t<\/div>\n\t\t\t\t\t\t\t\t\t<\/div><\/div>\n\n\n\n<div class=\"wp-block-uagb-container uagb-block-c63123b5 alignfull uagb-is-root-container\"><div class=\"uagb-container-inner-blocks-wrap\">\n<h2 class=\"wp-block-heading has-text-align-center\">S\u00e9curit\u00e9 et respect des normes<\/h2>\n\n\n\n<p class=\"has-text-align-center\">Chaque intervention est r\u00e9alis\u00e9e dans le respect :<\/p>\n\n\n\n<div class=\"wp-block-group uag-hide-mob is-nowrap is-layout-flex wp-container-core-group-is-layout-6c531013 wp-block-group-is-layout-flex\">\n<div class=\"wp-block-uagb-container uagb-block-8d8441de\">\n<p class=\"has-text-align-center\">Des <strong>r\u00e8gles de s\u00e9curit\u00e9<\/strong> (protection des travailleurs et du voisinage)<\/p>\n<\/div>\n\n\n\n<div class=\"wp-block-uagb-container uagb-block-f4cbb10b\">\n<p class=\"has-text-align-center\">De l\u2019<strong>environnement<\/strong>, gr\u00e2ce au tri et au recyclage des d\u00e9chets de chantier<\/p>\n<\/div>\n\n\n\n<div class=\"wp-block-uagb-container uagb-block-1aafe9b0\">\n<p class=\"has-text-align-center\"><strong>D\u00e9lais respect\u00e9s<\/strong>, pour ne pas retarder vos travaux de r\u00e9novation ou de construction<\/p>\n<\/div>\n<\/div>\n\n\n\n<div class=\"wp-block-group uag-hide-desktop uag-hide-tab is-vertical is-layout-flex wp-container-core-group-is-layout-fe9cc265 wp-block-group-is-layout-flex\">\n<div class=\"wp-block-uagb-container uagb-block-207b4fd1\">\n<p class=\"has-text-align-center\"><strong>Des r\u00e8gles de s\u00e9curit\u00e9 rigoureuses<\/strong>, pour garantir la protection de tous et un chantier sans risque.<\/p>\n\n\n\n<p class=\"has-text-align-center\"><strong>Des d\u00e9lais toujours respect\u00e9s<\/strong>, pour que vos projets avancent sans retard ni impr\u00e9vu.<\/p>\n\n\n\n<p class=\"has-text-align-center\"><strong>Un vrai engagement pour l\u2019environnement<\/strong>, gr\u00e2ce au tri et au recyclage responsables de tous les d\u00e9chets de chantier.<\/p>\n<\/div>\n<\/div>\n<\/div><\/div>\n\n\n\n<div class=\"wp-block-uagb-container uagb-block-6374fe09 alignfull uagb-is-root-container\"><div class=\"uagb-container-inner-blocks-wrap\">\n<div class=\"wp-block-group is-vertical is-layout-flex wp-container-core-group-is-layout-fe9cc265 wp-block-group-is-layout-flex\">\n<h2 class=\"wp-block-heading\">\ud83d\udcac <strong>Questions fr\u00e9quentes :<\/strong><\/h2>\n\n\n\n<ul style=\"border-style:none;border-width:0px;border-radius:0px\" class=\"wp-block-list\">\n<li class=\"has-medium-font-size\"><strong>\u23f1\ufe0f Combien de temps dure une d\u00e9molition ?<\/strong><br>Cela d\u00e9pend de la taille du chantier, mais nos \u00e9quipes s\u2019engagent sur des d\u00e9lais rapides et r\u00e9alistes.<\/li>\n\n\n\n<li class=\"has-medium-font-size\"><strong>\ud83d\udccd Intervenez-vous aussi pour de petites d\u00e9molitions ?<\/strong><br>Oui, nous prenons en charge aussi bien les petits travaux (cloisons, dalles) que les structures plus importantes.<\/li>\n\n\n\n<li class=\"has-medium-font-size\"><strong>\ud83d\ude9b Que faites-vous des gravats apr\u00e8s la d\u00e9molition ?<\/strong><br>Nous les \u00e9vacuons dans nos bennes et les acheminons vers des centres de recyclage agr\u00e9\u00e9s.<\/li>\n<\/ul>\n<\/div>\n<\/div><\/div>\n\n\n\n<div class=\"wp-block-uagb-separator uagb-block-1c8e5c53 uag-hide-mob\"><div class=\"uagb-separator-spacing-wrapper\"><div class=\"wp-block-uagb-separator__inner\" style=\"--my-background-image:\"><\/div><\/div><\/div>\n\n\n\n<div class=\"wp-block-uagb-container uagb-block-490a639c alignfull uagb-is-root-container\"><div class=\"uagb-container-inner-blocks-wrap\">\n<h2 class=\"wp-block-heading has-text-align-center\">\ud83d\udcde <strong>Besoin d\u2019une d\u00e9molition \u00e0 Lyon ?<\/strong><\/h2>\n\n\n\n<p class=\"has-text-align-center\">Que vous soyez particulier ou professionnel, <strong>MK Multiservices<\/strong> est votre partenaire de confiance pour tous vos projets de d\u00e9molition.<br>Nous intervenons rapidement \u00e0 Lyon et dans toute la m\u00e9tropole.<\/p>\n\n\n\n<div class=\"wp-block-uagb-buttons uagb-buttons__outer-wrap uagb-btn__default-btn uagb-btn-tablet__default-btn uagb-btn-mobile__default-btn uagb-block-7a1163f5\"><div class=\"uagb-buttons__wrap uagb-buttons-layout-wrap \">\n<div class=\"wp-block-uagb-buttons-child uagb-buttons__outer-wrap uagb-block-631b0693 wp-block-button\"><div class=\"uagb-button__wrapper\"><a class=\"uagb-buttons-repeater wp-block-button__link\" aria-label=\"\" href=\"https:\/\/mk-multiservices.fr\/index.php\/contact\/\" rel=\"follow noopener\" target=\"_self\" role=\"button\"><div class=\"uagb-button__link\">Nous Contacter<\/div><\/a><\/div><\/div>\n<\/div><\/div>\n<\/div><\/div>\n\n\n\n<p><\/p>\n","protected":false},"excerpt":{"rendered":"<p>MK Multiservices D\u00e9molition \u00e0 Lyon \u2013 S\u00e9curit\u00e9, Efficacit\u00e9, Propret\u00e9 Un savoir-faire solide pour vos projets de d\u00e9molition Qu\u2019il s\u2019agisse d\u2019une [&hellip;]<\/p>\n","protected":false},"author":1,"featured_media":0,"parent":0,"menu_order":0,"comment_status":"closed","ping_status":"closed","template":"","meta":{"_uag_custom_page_level_css":"","site-sidebar-layout":"default","site-content-layout":"","ast-site-content-layout":"default","site-content-style":"default","site-sidebar-style":"default","ast-global-header-display":"","ast-banner-title-visibility":"","ast-main-header-display":"","ast-hfb-above-header-display":"","ast-hfb-below-header-display":"","ast-hfb-mobile-header-display":"","site-post-title":"disabled","ast-breadcrumbs-content":"","ast-featured-img":"","footer-sml-layout":"","theme-transparent-header-meta":"","adv-header-id-meta":"","stick-header-meta":"","header-above-stick-meta":"","header-main-stick-meta":"","header-below-stick-meta":"","astra-migrate-meta-layouts":"default","ast-page-background-enabled":"default","ast-page-background-meta":{"desktop":{"background-color":"var(--ast-global-color-5)","background-image":"","background-repeat":"repeat","background-position":"center center","background-size":"auto","background-attachment":"scroll","background-type":"","background-media":"","overlay-type":"","overlay-color":"","overlay-opacity":"","overlay-gradient":""},"tablet":{"background-color":"","background-image":"","background-repeat":"repeat","background-position":"center center","background-size":"auto","background-attachment":"scroll","background-type":"","background-media":"","overlay-type":"","overlay-color":"","overlay-opacity":"","overlay-gradient":""},"mobile":{"background-color":"","background-image":"","background-repeat":"repeat","background-position":"center center","background-size":"auto","background-attachment":"scroll","background-type":"","background-media":"","overlay-type":"","overlay-color":"","overlay-opacity":"","overlay-gradient":""}},"ast-content-background-meta":{"desktop":{"background-color":"var(--ast-global-color-4)","background-image":"","background-repeat":"repeat","background-position":"center center","background-size":"auto","background-attachment":"scroll","background-type":"","background-media":"","overlay-type":"","overlay-color":"","overlay-opacity":"","overlay-gradient":""},"tablet":{"background-color":"var(--ast-global-color-4)","background-image":"","background-repeat":"repeat","background-position":"center center","background-size":"auto","background-attachment":"scroll","background-type":"","background-media":"","overlay-type":"","overlay-color":"","overlay-opacity":"","overlay-gradient":""},"mobile":{"background-color":"var(--ast-global-color-4)","background-image":"","background-repeat":"repeat","background-position":"center center","background-size":"auto","background-attachment":"scroll","background-type":"","background-media":"","overlay-type":"","overlay-color":"","overlay-opacity":"","overlay-gradient":""}},"footnotes":""},"class_list":["post-96","page","type-page","status-publish","hentry"],"yoast_head":"<!-- This site is optimized with the Yoast SEO plugin v26.3 - https:\/\/yoast.com\/wordpress\/plugins\/seo\/ -->\n<title>MK Multiservices - Entreprise de D\u00e9molition \u00e0 Lyon et alentours<\/title>\n<meta name=\"description\" content=\"MK Multiservices r\u00e9alise vos travaux de d\u00e9molition int\u00e9rieure et ext\u00e9rieure \u00e0 Lyon. Intervention rapide, s\u00e9curis\u00e9e et \u00e9co-responsable.\" \/>\n<meta name=\"robots\" content=\"index, follow, max-snippet:-1, max-image-preview:large, max-video-preview:-1\" \/>\n<link rel=\"canonical\" href=\"https:\/\/mk-multiservices.fr\/index.php\/demolition-2\/\" \/>\n<meta property=\"og:locale\" content=\"fr_FR\" \/>\n<meta property=\"og:type\" content=\"article\" \/>\n<meta property=\"og:title\" content=\"MK Multiservices - Entreprise de D\u00e9molition \u00e0 Lyon et alentours\" \/>\n<meta property=\"og:description\" content=\"MK Multiservices r\u00e9alise vos travaux de d\u00e9molition int\u00e9rieure et ext\u00e9rieure \u00e0 Lyon. Intervention rapide, s\u00e9curis\u00e9e et \u00e9co-responsable.\" \/>\n<meta property=\"og:url\" content=\"https:\/\/mk-multiservices.fr\/index.php\/demolition-2\/\" \/>\n<meta property=\"og:site_name\" content=\"MK Multiservices\" \/>\n<meta property=\"article:modified_time\" content=\"2025-11-11T11:24:04+00:00\" \/>\n<meta property=\"og:image\" content=\"https:\/\/mk-multiservices.fr\/wp-content\/uploads\/2025\/07\/travailleurs-de-la-construction-routiere-scaled.jpg\" \/>\n\t<meta property=\"og:image:width\" content=\"2560\" \/>\n\t<meta property=\"og:image:height\" content=\"1750\" \/>\n\t<meta property=\"og:image:type\" content=\"image\/jpeg\" \/>\n<meta name=\"twitter:card\" content=\"summary_large_image\" \/>\n<meta name=\"twitter:label1\" content=\"Dur\u00e9e de lecture estim\u00e9e\" \/>\n\t<meta name=\"twitter:data1\" content=\"2 minutes\" \/>\n<script type=\"application\/ld+json\" class=\"yoast-schema-graph\">{\"@context\":\"https:\/\/schema.org\",\"@graph\":[{\"@type\":\"WebPage\",\"@id\":\"https:\/\/mk-multiservices.fr\/index.php\/demolition-2\/\",\"url\":\"https:\/\/mk-multiservices.fr\/index.php\/demolition-2\/\",\"name\":\"MK Multiservices - Entreprise de D\u00e9molition \u00e0 Lyon et alentours\",\"isPartOf\":{\"@id\":\"https:\/\/mk-multiservices.fr\/#website\"},\"primaryImageOfPage\":{\"@id\":\"https:\/\/mk-multiservices.fr\/index.php\/demolition-2\/#primaryimage\"},\"image\":{\"@id\":\"https:\/\/mk-multiservices.fr\/index.php\/demolition-2\/#primaryimage\"},\"thumbnailUrl\":\"https:\/\/mk-multiservices.fr\/wp-content\/uploads\/2025\/07\/travailleurs-de-la-construction-routiere-1024x700.jpg\",\"datePublished\":\"2025-07-15T22:27:35+00:00\",\"dateModified\":\"2025-11-11T11:24:04+00:00\",\"description\":\"MK Multiservices r\u00e9alise vos travaux de d\u00e9molition int\u00e9rieure et ext\u00e9rieure \u00e0 Lyon. Intervention rapide, s\u00e9curis\u00e9e et \u00e9co-responsable.\",\"breadcrumb\":{\"@id\":\"https:\/\/mk-multiservices.fr\/index.php\/demolition-2\/#breadcrumb\"},\"inLanguage\":\"fr-FR\",\"potentialAction\":[{\"@type\":\"ReadAction\",\"target\":[\"https:\/\/mk-multiservices.fr\/index.php\/demolition-2\/\"]}]},{\"@type\":\"ImageObject\",\"inLanguage\":\"fr-FR\",\"@id\":\"https:\/\/mk-multiservices.fr\/index.php\/demolition-2\/#primaryimage\",\"url\":\"https:\/\/mk-multiservices.fr\/wp-content\/uploads\/2025\/07\/travailleurs-de-la-construction-routiere-scaled.jpg\",\"contentUrl\":\"https:\/\/mk-multiservices.fr\/wp-content\/uploads\/2025\/07\/travailleurs-de-la-construction-routiere-scaled.jpg\",\"width\":2560,\"height\":1750},{\"@type\":\"BreadcrumbList\",\"@id\":\"https:\/\/mk-multiservices.fr\/index.php\/demolition-2\/#breadcrumb\",\"itemListElement\":[{\"@type\":\"ListItem\",\"position\":1,\"name\":\"Accueil\",\"item\":\"https:\/\/mk-multiservices.fr\/\"},{\"@type\":\"ListItem\",\"position\":2,\"name\":\"D\u00e9molition\"}]},{\"@type\":\"WebSite\",\"@id\":\"https:\/\/mk-multiservices.fr\/#website\",\"url\":\"https:\/\/mk-multiservices.fr\/\",\"name\":\"MK Multiservices\",\"description\":\"\",\"publisher\":{\"@id\":\"https:\/\/mk-multiservices.fr\/#organization\"},\"potentialAction\":[{\"@type\":\"SearchAction\",\"target\":{\"@type\":\"EntryPoint\",\"urlTemplate\":\"https:\/\/mk-multiservices.fr\/?s={search_term_string}\"},\"query-input\":{\"@type\":\"PropertyValueSpecification\",\"valueRequired\":true,\"valueName\":\"search_term_string\"}}],\"inLanguage\":\"fr-FR\"},{\"@type\":\"Organization\",\"@id\":\"https:\/\/mk-multiservices.fr\/#organization\",\"name\":\"MK Multiservices\",\"url\":\"https:\/\/mk-multiservices.fr\/\",\"logo\":{\"@type\":\"ImageObject\",\"inLanguage\":\"fr-FR\",\"@id\":\"https:\/\/mk-multiservices.fr\/#\/schema\/logo\/image\/\",\"url\":\"https:\/\/mk-multiservices.fr\/wp-content\/uploads\/2025\/07\/logo1.png\",\"contentUrl\":\"https:\/\/mk-multiservices.fr\/wp-content\/uploads\/2025\/07\/logo1.png\",\"width\":1024,\"height\":1024,\"caption\":\"MK Multiservices\"},\"image\":{\"@id\":\"https:\/\/mk-multiservices.fr\/#\/schema\/logo\/image\/\"}}]}<\/script>\n<!-- \/ Yoast SEO plugin. -->","yoast_head_json":{"title":"MK Multiservices - Entreprise de D\u00e9molition \u00e0 Lyon et alentours","description":"MK Multiservices r\u00e9alise vos travaux de d\u00e9molition int\u00e9rieure et ext\u00e9rieure \u00e0 Lyon. Intervention rapide, s\u00e9curis\u00e9e et \u00e9co-responsable.","robots":{"index":"index","follow":"follow","max-snippet":"max-snippet:-1","max-image-preview":"max-image-preview:large","max-video-preview":"max-video-preview:-1"},"canonical":"https:\/\/mk-multiservices.fr\/index.php\/demolition-2\/","og_locale":"fr_FR","og_type":"article","og_title":"MK Multiservices - Entreprise de D\u00e9molition \u00e0 Lyon et alentours","og_description":"MK Multiservices r\u00e9alise vos travaux de d\u00e9molition int\u00e9rieure et ext\u00e9rieure \u00e0 Lyon. Intervention rapide, s\u00e9curis\u00e9e et \u00e9co-responsable.","og_url":"https:\/\/mk-multiservices.fr\/index.php\/demolition-2\/","og_site_name":"MK Multiservices","article_modified_time":"2025-11-11T11:24:04+00:00","og_image":[{"width":2560,"height":1750,"url":"https:\/\/mk-multiservices.fr\/wp-content\/uploads\/2025\/07\/travailleurs-de-la-construction-routiere-scaled.jpg","type":"image\/jpeg"}],"twitter_card":"summary_large_image","twitter_misc":{"Dur\u00e9e de lecture estim\u00e9e":"2 minutes"},"schema":{"@context":"https:\/\/schema.org","@graph":[{"@type":"WebPage","@id":"https:\/\/mk-multiservices.fr\/index.php\/demolition-2\/","url":"https:\/\/mk-multiservices.fr\/index.php\/demolition-2\/","name":"MK Multiservices - Entreprise de D\u00e9molition \u00e0 Lyon et alentours","isPartOf":{"@id":"https:\/\/mk-multiservices.fr\/#website"},"primaryImageOfPage":{"@id":"https:\/\/mk-multiservices.fr\/index.php\/demolition-2\/#primaryimage"},"image":{"@id":"https:\/\/mk-multiservices.fr\/index.php\/demolition-2\/#primaryimage"},"thumbnailUrl":"https:\/\/mk-multiservices.fr\/wp-content\/uploads\/2025\/07\/travailleurs-de-la-construction-routiere-1024x700.jpg","datePublished":"2025-07-15T22:27:35+00:00","dateModified":"2025-11-11T11:24:04+00:00","description":"MK Multiservices r\u00e9alise vos travaux de d\u00e9molition int\u00e9rieure et ext\u00e9rieure \u00e0 Lyon. Intervention rapide, s\u00e9curis\u00e9e et \u00e9co-responsable.","breadcrumb":{"@id":"https:\/\/mk-multiservices.fr\/index.php\/demolition-2\/#breadcrumb"},"inLanguage":"fr-FR","potentialAction":[{"@type":"ReadAction","target":["https:\/\/mk-multiservices.fr\/index.php\/demolition-2\/"]}]},{"@type":"ImageObject","inLanguage":"fr-FR","@id":"https:\/\/mk-multiservices.fr\/index.php\/demolition-2\/#primaryimage","url":"https:\/\/mk-multiservices.fr\/wp-content\/uploads\/2025\/07\/travailleurs-de-la-construction-routiere-scaled.jpg","contentUrl":"https:\/\/mk-multiservices.fr\/wp-content\/uploads\/2025\/07\/travailleurs-de-la-construction-routiere-scaled.jpg","width":2560,"height":1750},{"@type":"BreadcrumbList","@id":"https:\/\/mk-multiservices.fr\/index.php\/demolition-2\/#breadcrumb","itemListElement":[{"@type":"ListItem","position":1,"name":"Accueil","item":"https:\/\/mk-multiservices.fr\/"},{"@type":"ListItem","position":2,"name":"D\u00e9molition"}]},{"@type":"WebSite","@id":"https:\/\/mk-multiservices.fr\/#website","url":"https:\/\/mk-multiservices.fr\/","name":"MK Multiservices","description":"","publisher":{"@id":"https:\/\/mk-multiservices.fr\/#organization"},"potentialAction":[{"@type":"SearchAction","target":{"@type":"EntryPoint","urlTemplate":"https:\/\/mk-multiservices.fr\/?s={search_term_string}"},"query-input":{"@type":"PropertyValueSpecification","valueRequired":true,"valueName":"search_term_string"}}],"inLanguage":"fr-FR"},{"@type":"Organization","@id":"https:\/\/mk-multiservices.fr\/#organization","name":"MK Multiservices","url":"https:\/\/mk-multiservices.fr\/","logo":{"@type":"ImageObject","inLanguage":"fr-FR","@id":"https:\/\/mk-multiservices.fr\/#\/schema\/logo\/image\/","url":"https:\/\/mk-multiservices.fr\/wp-content\/uploads\/2025\/07\/logo1.png","contentUrl":"https:\/\/mk-multiservices.fr\/wp-content\/uploads\/2025\/07\/logo1.png","width":1024,"height":1024,"caption":"MK Multiservices"},"image":{"@id":"https:\/\/mk-multiservices.fr\/#\/schema\/logo\/image\/"}}]}},"uagb_featured_image_src":{"full":false,"thumbnail":false,"medium":false,"medium_large":false,"large":false,"1536x1536":false,"2048x2048":false},"uagb_author_info":{"display_name":"admin7224","author_link":"https:\/\/mk-multiservices.fr\/index.php\/author\/admin7224\/"},"uagb_comment_info":0,"uagb_excerpt":"MK Multiservices D\u00e9molition \u00e0 Lyon \u2013 S\u00e9curit\u00e9, Efficacit\u00e9, Propret\u00e9 Un savoir-faire solide pour vos projets de d\u00e9molition Qu\u2019il s\u2019agisse d\u2019une [&hellip;]","_links":{"self":[{"href":"https:\/\/mk-multiservices.fr\/index.php\/wp-json\/wp\/v2\/pages\/96","targetHints":{"allow":["GET"]}}],"collection":[{"href":"https:\/\/mk-multiservices.fr\/index.php\/wp-json\/wp\/v2\/pages"}],"about":[{"href":"https:\/\/mk-multiservices.fr\/index.php\/wp-json\/wp\/v2\/types\/page"}],"author":[{"embeddable":true,"href":"https:\/\/mk-multiservices.fr\/index.php\/wp-json\/wp\/v2\/users\/1"}],"replies":[{"embeddable":true,"href":"https:\/\/mk-multiservices.fr\/index.php\/wp-json\/wp\/v2\/comments?post=96"}],"version-history":[{"count":26,"href":"https:\/\/mk-multiservices.fr\/index.php\/wp-json\/wp\/v2\/pages\/96\/revisions"}],"predecessor-version":[{"id":281,"href":"https:\/\/mk-multiservices.fr\/index.php\/wp-json\/wp\/v2\/pages\/96\/revisions\/281"}],"wp:attachment":[{"href":"https:\/\/mk-multiservices.fr\/index.php\/wp-json\/wp\/v2\/media?parent=96"}],"curies":[{"name":"wp","href":"https:\/\/api.w.org\/{rel}","templated":true}]}}